{"id":1535,"date":"2025-07-02T22:14:52","date_gmt":"2025-07-02T22:14:52","guid":{"rendered":"https:\/\/mdssc2025stg.wpenginepowered.com\/contact\/"},"modified":"2026-01-13T19:14:16","modified_gmt":"2026-01-13T19:14:16","slug":"contact","status":"publish","type":"page","link":"https:\/\/mcleanlegacyfund.ca\/fr\/contact\/","title":{"rendered":"Contact"},"content":{"rendered":"\t\t<div data-elementor-type=\"wp-page\" data-elementor-id=\"1535\" class=\"elementor elementor-1535 elementor-1167\" data-elementor-post-type=\"page\">\n\t\t\t\t<div class=\"elementor-element elementor-element-13f74ea e-con-full e-flex e-con e-parent\" data-id=\"13f74ea\" data-element_type=\"container\" data-e-type=\"container\">\n\t\t<div class=\"elementor-element elementor-element-e730471 e-flex e-con-boxed e-con e-child\" data-id=\"e730471\" data-element_type=\"container\" data-e-type=\"container\">\n\t\t\t\t\t<div class=\"e-con-inner\">\n\t\t<div class=\"elementor-element elementor-element-9800ae2 e-con-full e-flex e-con e-child\" data-id=\"9800ae2\" data-element_type=\"container\" data-e-type=\"container\" id=\"content\">\n\t\t<header class=\"elementor-element elementor-element-41419fe e-con-full e-flex e-con e-child\" data-id=\"41419fe\" data-element_type=\"container\" data-e-type=\"container\">\n\t\t\t\t<div class=\"elementor-element elementor-element-43f96b9 elementor-widget elementor-widget-heading\" data-id=\"43f96b9\" data-element_type=\"widget\" data-e-type=\"widget\" data-widget_type=\"heading.default\">\n\t\t\t\t\t<h1 class=\"elementor-heading-title elementor-size-default\">contact<\/h1>\t\t\t\t<\/div>\n\t\t\t\t<\/header>\n\t\t\t\t<\/div>\n\t\t\t\t\t<\/div>\n\t\t\t\t<\/div>\n\t\t<div class=\"elementor-element elementor-element-724354a e-grid e-con-boxed e-con e-child\" data-id=\"724354a\" data-element_type=\"container\" data-e-type=\"container\">\n\t\t\t\t\t<div class=\"e-con-inner\">\n\t\t<div class=\"elementor-element elementor-element-e8e72b5 e-con-full e-flex e-con e-child\" data-id=\"e8e72b5\" data-element_type=\"container\" data-e-type=\"container\">\n\t\t<div class=\"elementor-element elementor-element-650791d e-con-full e-flex e-con e-child\" data-id=\"650791d\" data-element_type=\"container\" data-e-type=\"container\">\n\t\t\t\t<div class=\"elementor-element elementor-element-e1c0cf6 elementor-widget elementor-widget-heading\" data-id=\"e1c0cf6\" data-element_type=\"widget\" data-e-type=\"widget\" data-widget_type=\"heading.default\">\n\t\t\t\t\t<h4 class=\"elementor-heading-title elementor-size-default\">De l'aide est disponible. <\/h4>\t\t\t\t<\/div>\n\t\t\t\t<div class=\"elementor-element elementor-element-b42d925 elementor-widget elementor-widget-text-editor\" data-id=\"b42d925\" data-element_type=\"widget\" data-e-type=\"widget\" data-widget_type=\"text-editor.default\">\n\t\t\t\t\t\t\t\t\tPas de r\u00e9ponse \u00e0 vos questions? Vous avez besoin d&rsquo;aide pour votre soumission? Envoyez-nous un courriel \u00e0  <a href=\"mailto:legacyfund@mdssc.ca\">legacyfund@mdssc.ca.<\/a>\t\t\t\t\t\t\t\t<\/div>\n\t\t\t\t<\/div>\n\t\t\t\t<\/div>\n\t\t<div class=\"elementor-element elementor-element-48aeeac e-con-full e-flex e-con e-child\" data-id=\"48aeeac\" data-element_type=\"container\" data-e-type=\"container\">\n\t\t<div class=\"elementor-element elementor-element-7cf8a41 e-con-full e-flex e-con e-child\" data-id=\"7cf8a41\" data-element_type=\"container\" data-e-type=\"container\">\n\t\t\t\t<div class=\"elementor-element elementor-element-36edf4e elementor-widget elementor-widget-heading\" data-id=\"36edf4e\" data-element_type=\"widget\" data-e-type=\"widget\" data-widget_type=\"heading.default\">\n\t\t\t\t\t<h4 class=\"elementor-heading-title elementor-size-default\">Lisez nos FAQ ou trouvez des r\u00e9ponses sur les r\u00e9seaux sociaux.  <\/h4>\t\t\t\t<\/div>\n\t\t\t\t<div class=\"elementor-element elementor-element-467a601 elementor-widget elementor-widget-text-editor\" data-id=\"467a601\" data-element_type=\"widget\" data-e-type=\"widget\" data-widget_type=\"text-editor.default\">\n\t\t\t\t\t\t\t\t\t<p>Si vous avez des questions que nous n&rsquo;avons pas\u00a0<span class=\"cf0\">pr\u00e9vues<\/span>, veuillez consulter notre <a href=\"https:\/\/mcleanlegacyfund.ca\/faq\/\">page FAQ<\/a> pour obtenir de <span class=\"cf0\">possibles r\u00e9ponses<\/span>. Vous pouvez \u00e9galement acc\u00e9der \u00e0 notre <a href=\"https:\/\/www.facebook.com\/profile.php?id=61578083727837\" target=\"_blank\" rel=\"noopener\">page Facebook<\/a> pour obtenir de plus amples informations ou des mises \u00e0 jour.<\/p>\t\t\t\t\t\t\t\t<\/div>\n\t\t\t\t<\/div>\n\t\t\t\t<\/div>\n\t\t\t\t\t<\/div>\n\t\t\t\t<\/div>\n\t\t\t\t<\/div>\n\t\t\t\t<\/div>\n\t\t","protected":false},"excerpt":{"rendered":"<p>Courriel pour contacter le Fonds des legs  legacyfund@mdssc.ca<\/p>\n","protected":false},"author":1,"featured_media":0,"parent":0,"menu_order":0,"comment_status":"closed","ping_status":"closed","template":"elementor_header_footer","meta":{"footnotes":""},"class_list":["post-1535","page","type-page","status-publish","hentry"],"yoast_head":"<!-- This site is optimized with the Yoast SEO plugin v27.4 - https:\/\/yoast.com\/product\/yoast-seo-wordpress\/ -->\n<title>Contact - McLean Day Schools Settlement Corporation<\/title>\n<meta name=\"description\" content=\"De l&#039;aide est disponible. Si vous ne trouvez pas de r\u00e9ponse \u00e0 vos questions ou si vous avez besoin d&#039;aide pour votre soumission, envoyez-nous un e-mailcourriel \u00e0 legacyfund@mdssc.ca.\" \/>\n<meta name=\"robots\" content=\"index, follow, max-snippet:-1, max-image-preview:large, max-video-preview:-1\" \/>\n<link rel=\"canonical\" href=\"https:\/\/mcleanlegacyfund.ca\/fr\/contact\/\" \/>\n<meta property=\"og:locale\" content=\"fr_FR\" \/>\n<meta property=\"og:type\" content=\"article\" \/>\n<meta property=\"og:title\" content=\"Contact - McLean Day Schools Settlement Corporation\" \/>\n<meta property=\"og:description\" content=\"De l&#039;aide est disponible. Si vous ne trouvez pas de r\u00e9ponse \u00e0 vos questions ou si vous avez besoin d&#039;aide pour votre soumission, envoyez-nous un e-mailcourriel \u00e0 legacyfund@mdssc.ca.\" \/>\n<meta property=\"og:url\" content=\"https:\/\/mcleanlegacyfund.ca\/fr\/contact\/\" \/>\n<meta property=\"og:site_name\" content=\"McLean Day Schools Settlement Corporation\" \/>\n<meta property=\"article:publisher\" content=\"https:\/\/www.facebook.com\/profile.php?id=100072622713045\" \/>\n<meta property=\"article:modified_time\" content=\"2026-01-13T19:14:16+00:00\" \/>\n<meta name=\"twitter:card\" content=\"summary_large_image\" \/>\n<meta name=\"twitter:site\" content=\"@mcleanlegacy\" \/>\n<meta name=\"twitter:label1\" content=\"Dur\u00e9e de lecture estim\u00e9e\" \/>\n\t<meta name=\"twitter:data1\" content=\"1 minute\" \/>\n<script type=\"application\/ld+json\" class=\"yoast-schema-graph\">{\"@context\":\"https:\\\/\\\/schema.org\",\"@graph\":[{\"@type\":\"WebPage\",\"@id\":\"https:\\\/\\\/mcleanlegacyfund.ca\\\/fr\\\/contact\\\/\",\"url\":\"https:\\\/\\\/mcleanlegacyfund.ca\\\/fr\\\/contact\\\/\",\"name\":\"Contact - McLean Day Schools Settlement Corporation\",\"isPartOf\":{\"@id\":\"https:\\\/\\\/mcleanlegacyfund.ca\\\/fr\\\/#website\"},\"datePublished\":\"2025-07-02T22:14:52+00:00\",\"dateModified\":\"2026-01-13T19:14:16+00:00\",\"description\":\"De l'aide est disponible. Si vous ne trouvez pas de r\u00e9ponse \u00e0 vos questions ou si vous avez besoin d'aide pour votre soumission, envoyez-nous un e-mailcourriel \u00e0 legacyfund@mdssc.ca.\",\"breadcrumb\":{\"@id\":\"https:\\\/\\\/mcleanlegacyfund.ca\\\/fr\\\/contact\\\/#breadcrumb\"},\"inLanguage\":\"fr-FR\",\"potentialAction\":[{\"@type\":\"ReadAction\",\"target\":[\"https:\\\/\\\/mcleanlegacyfund.ca\\\/fr\\\/contact\\\/\"]}]},{\"@type\":\"BreadcrumbList\",\"@id\":\"https:\\\/\\\/mcleanlegacyfund.ca\\\/fr\\\/contact\\\/#breadcrumb\",\"itemListElement\":[{\"@type\":\"ListItem\",\"position\":1,\"name\":\"Home\",\"item\":\"https:\\\/\\\/mcleanlegacyfund.ca\\\/fr\\\/\"},{\"@type\":\"ListItem\",\"position\":2,\"name\":\"Contact\"}]},{\"@type\":\"WebSite\",\"@id\":\"https:\\\/\\\/mcleanlegacyfund.ca\\\/fr\\\/#website\",\"url\":\"https:\\\/\\\/mcleanlegacyfund.ca\\\/fr\\\/\",\"name\":\"McLean Day Schools Settlement Corporation\",\"description\":\"The Federal Indian Day School Legacy Fund Website\",\"publisher\":{\"@id\":\"https:\\\/\\\/mcleanlegacyfund.ca\\\/fr\\\/#organization\"},\"potentialAction\":[{\"@type\":\"SearchAction\",\"target\":{\"@type\":\"EntryPoint\",\"urlTemplate\":\"https:\\\/\\\/mcleanlegacyfund.ca\\\/fr\\\/?s={search_term_string}\"},\"query-input\":{\"@type\":\"PropertyValueSpecification\",\"valueRequired\":true,\"valueName\":\"search_term_string\"}}],\"inLanguage\":\"fr-FR\"},{\"@type\":\"Organization\",\"@id\":\"https:\\\/\\\/mcleanlegacyfund.ca\\\/fr\\\/#organization\",\"name\":\"McLean Day Schools Settlement Corporation\",\"url\":\"https:\\\/\\\/mcleanlegacyfund.ca\\\/fr\\\/\",\"logo\":{\"@type\":\"ImageObject\",\"inLanguage\":\"fr-FR\",\"@id\":\"https:\\\/\\\/mcleanlegacyfund.ca\\\/fr\\\/#\\\/schema\\\/logo\\\/image\\\/\",\"url\":\"https:\\\/\\\/mcleanlegacyfund.ca\\\/wp-content\\\/uploads\\\/2025\\\/07\\\/logo.png\",\"contentUrl\":\"https:\\\/\\\/mcleanlegacyfund.ca\\\/wp-content\\\/uploads\\\/2025\\\/07\\\/logo.png\",\"width\":390,\"height\":154,\"caption\":\"McLean Day Schools Settlement Corporation\"},\"image\":{\"@id\":\"https:\\\/\\\/mcleanlegacyfund.ca\\\/fr\\\/#\\\/schema\\\/logo\\\/image\\\/\"},\"sameAs\":[\"https:\\\/\\\/www.facebook.com\\\/profile.php?id=100072622713045\",\"https:\\\/\\\/x.com\\\/mcleanlegacy\"]}]}<\/script>\n<!-- \/ Yoast SEO plugin. -->","yoast_head_json":{"title":"Contact - McLean Day Schools Settlement Corporation","description":"De l'aide est disponible. Si vous ne trouvez pas de r\u00e9ponse \u00e0 vos questions ou si vous avez besoin d'aide pour votre soumission, envoyez-nous un e-mailcourriel \u00e0 legacyfund@mdssc.ca.","robots":{"index":"index","follow":"follow","max-snippet":"max-snippet:-1","max-image-preview":"max-image-preview:large","max-video-preview":"max-video-preview:-1"},"canonical":"https:\/\/mcleanlegacyfund.ca\/fr\/contact\/","og_locale":"fr_FR","og_type":"article","og_title":"Contact - McLean Day Schools Settlement Corporation","og_description":"De l'aide est disponible. Si vous ne trouvez pas de r\u00e9ponse \u00e0 vos questions ou si vous avez besoin d'aide pour votre soumission, envoyez-nous un e-mailcourriel \u00e0 legacyfund@mdssc.ca.","og_url":"https:\/\/mcleanlegacyfund.ca\/fr\/contact\/","og_site_name":"McLean Day Schools Settlement Corporation","article_publisher":"https:\/\/www.facebook.com\/profile.php?id=100072622713045","article_modified_time":"2026-01-13T19:14:16+00:00","twitter_card":"summary_large_image","twitter_site":"@mcleanlegacy","twitter_misc":{"Dur\u00e9e de lecture estim\u00e9e":"1 minute"},"schema":{"@context":"https:\/\/schema.org","@graph":[{"@type":"WebPage","@id":"https:\/\/mcleanlegacyfund.ca\/fr\/contact\/","url":"https:\/\/mcleanlegacyfund.ca\/fr\/contact\/","name":"Contact - McLean Day Schools Settlement Corporation","isPartOf":{"@id":"https:\/\/mcleanlegacyfund.ca\/fr\/#website"},"datePublished":"2025-07-02T22:14:52+00:00","dateModified":"2026-01-13T19:14:16+00:00","description":"De l'aide est disponible. Si vous ne trouvez pas de r\u00e9ponse \u00e0 vos questions ou si vous avez besoin d'aide pour votre soumission, envoyez-nous un e-mailcourriel \u00e0 legacyfund@mdssc.ca.","breadcrumb":{"@id":"https:\/\/mcleanlegacyfund.ca\/fr\/contact\/#breadcrumb"},"inLanguage":"fr-FR","potentialAction":[{"@type":"ReadAction","target":["https:\/\/mcleanlegacyfund.ca\/fr\/contact\/"]}]},{"@type":"BreadcrumbList","@id":"https:\/\/mcleanlegacyfund.ca\/fr\/contact\/#breadcrumb","itemListElement":[{"@type":"ListItem","position":1,"name":"Home","item":"https:\/\/mcleanlegacyfund.ca\/fr\/"},{"@type":"ListItem","position":2,"name":"Contact"}]},{"@type":"WebSite","@id":"https:\/\/mcleanlegacyfund.ca\/fr\/#website","url":"https:\/\/mcleanlegacyfund.ca\/fr\/","name":"McLean Day Schools Settlement Corporation","description":"The Federal Indian Day School Legacy Fund Website","publisher":{"@id":"https:\/\/mcleanlegacyfund.ca\/fr\/#organization"},"potentialAction":[{"@type":"SearchAction","target":{"@type":"EntryPoint","urlTemplate":"https:\/\/mcleanlegacyfund.ca\/fr\/?s={search_term_string}"},"query-input":{"@type":"PropertyValueSpecification","valueRequired":true,"valueName":"search_term_string"}}],"inLanguage":"fr-FR"},{"@type":"Organization","@id":"https:\/\/mcleanlegacyfund.ca\/fr\/#organization","name":"McLean Day Schools Settlement Corporation","url":"https:\/\/mcleanlegacyfund.ca\/fr\/","logo":{"@type":"ImageObject","inLanguage":"fr-FR","@id":"https:\/\/mcleanlegacyfund.ca\/fr\/#\/schema\/logo\/image\/","url":"https:\/\/mcleanlegacyfund.ca\/wp-content\/uploads\/2025\/07\/logo.png","contentUrl":"https:\/\/mcleanlegacyfund.ca\/wp-content\/uploads\/2025\/07\/logo.png","width":390,"height":154,"caption":"McLean Day Schools Settlement Corporation"},"image":{"@id":"https:\/\/mcleanlegacyfund.ca\/fr\/#\/schema\/logo\/image\/"},"sameAs":["https:\/\/www.facebook.com\/profile.php?id=100072622713045","https:\/\/x.com\/mcleanlegacy"]}]}},"_links":{"self":[{"href":"https:\/\/mcleanlegacyfund.ca\/fr\/wp-json\/wp\/v2\/pages\/1535","targetHints":{"allow":["GET"]}}],"collection":[{"href":"https:\/\/mcleanlegacyfund.ca\/fr\/wp-json\/wp\/v2\/pages"}],"about":[{"href":"https:\/\/mcleanlegacyfund.ca\/fr\/wp-json\/wp\/v2\/types\/page"}],"author":[{"embeddable":true,"href":"https:\/\/mcleanlegacyfund.ca\/fr\/wp-json\/wp\/v2\/users\/1"}],"replies":[{"embeddable":true,"href":"https:\/\/mcleanlegacyfund.ca\/fr\/wp-json\/wp\/v2\/comments?post=1535"}],"version-history":[{"count":0,"href":"https:\/\/mcleanlegacyfund.ca\/fr\/wp-json\/wp\/v2\/pages\/1535\/revisions"}],"wp:attachment":[{"href":"https:\/\/mcleanlegacyfund.ca\/fr\/wp-json\/wp\/v2\/media?parent=1535"}],"curies":[{"name":"wp","href":"https:\/\/api.w.org\/{rel}","templated":true}]}}